{"id":3200,"date":"2022-06-15T13:22:02","date_gmt":"2022-06-15T17:22:02","guid":{"rendered":"https:\/\/fqppu.org\/?page_id=3200"},"modified":"2024-12-07T15:31:22","modified_gmt":"2024-12-07T20:31:22","slug":"home","status":"publish","type":"page","link":"https:\/\/fqppu.org\/en\/","title":{"rendered":"Home"},"content":{"rendered":"\t\t<div data-elementor-type=\"wp-page\" data-elementor-id=\"3200\" class=\"elementor elementor-3200 elementor-131\" data-elementor-post-type=\"page\">\n\t\t\t\t\t\t<section class=\"elementor-section elementor-top-section elementor-element elementor-element-7b908cc9 elementor-section-height-min-height elementor-section-items-stretch elementor-section-content-middle elementor-section-full_width elementor-section-height-default\" data-id=\"7b908cc9\" data-element_type=\"section\" data-e-type=\"section\" data-settings=\"{&quot;background_background&quot;:&quot;classic&quot;}\">\n\t\t\t\t\t\t<div class=\"elementor-container elementor-column-gap-no\">\n\t\t\t\t\t<div class=\"elementor-column elementor-col-50 elementor-top-column elementor-element elementor-element-2ae41e51\" data-id=\"2ae41e51\" data-element_type=\"column\" data-e-type=\"column\">\n\t\t\t<div class=\"elementor-widget-wrap elementor-element-populated\">\n\t\t\t\t\t\t<div class=\"elementor-element elementor-element-2dc3d9b1 elementor-widget elementor-widget-heading\" data-id=\"2dc3d9b1\" data-element_type=\"widget\" data-e-type=\"widget\" data-widget_type=\"heading.default\">\n\t\t\t\t<div class=\"elementor-widget-container\">\n\t\t\t\t\t<h1 class=\"elementor-heading-title elementor-size-default\">The FQPPU is the representative body of university faculty in Quebec<\/h1>\t\t\t\t<\/div>\n\t\t\t\t<\/div>\n\t\t\t\t\t<\/div>\n\t\t<\/div>\n\t\t\t\t<div class=\"elementor-column elementor-col-50 elementor-top-column elementor-element elementor-element-4bf0e40d\" data-id=\"4bf0e40d\" data-element_type=\"column\" data-e-type=\"column\" data-settings=\"{&quot;background_background&quot;:&quot;classic&quot;,&quot;background_motion_fx_motion_fx_scrolling&quot;:&quot;yes&quot;,&quot;background_motion_fx_blur_effect&quot;:&quot;yes&quot;,&quot;background_motion_fx_blur_direction&quot;:&quot;in-out&quot;,&quot;background_motion_fx_blur_range&quot;:{&quot;unit&quot;:&quot;%&quot;,&quot;size&quot;:&quot;&quot;,&quot;sizes&quot;:{&quot;start&quot;:&quot;66&quot;,&quot;end&quot;:&quot;100&quot;}},&quot;background_motion_fx_blur_level&quot;:{&quot;unit&quot;:&quot;px&quot;,&quot;size&quot;:7,&quot;sizes&quot;:[]},&quot;background_motion_fx_devices&quot;:[&quot;desktop&quot;,&quot;tablet&quot;,&quot;mobile&quot;]}\">\n\t\t\t<div class=\"elementor-widget-wrap elementor-element-populated\">\n\t\t\t\t\t\t<div class=\"elementor-element elementor-element-5f1a55d8 elementor-widget elementor-widget-spacer\" data-id=\"5f1a55d8\" data-element_type=\"widget\" data-e-type=\"widget\" data-widget_type=\"spacer.default\">\n\t\t\t\t<div class=\"elementor-widget-container\">\n\t\t\t\t\t\t\t<div class=\"elementor-spacer\">\n\t\t\t<div class=\"elementor-spacer-inner\"><\/div>\n\t\t<\/div>\n\t\t\t\t\t\t<\/div>\n\t\t\t\t<\/div>\n\t\t\t\t\t<\/div>\n\t\t<\/div>\n\t\t\t\t\t<\/div>\n\t\t<\/section>\n\t\t\t\t<section class=\"elementor-section elementor-top-section elementor-element elementor-element-410db487 elementor-section-full_width elementor-section-items-stretch elementor-section-content-middle elementor-section-height-min-height elementor-section-height-default\" data-id=\"410db487\" data-element_type=\"section\" data-e-type=\"section\" data-settings=\"{&quot;background_background&quot;:&quot;classic&quot;}\">\n\t\t\t\t\t\t<div class=\"elementor-container elementor-column-gap-no\">\n\t\t\t\t\t<div class=\"elementor-column elementor-col-66 elementor-top-column elementor-element elementor-element-197d7c28\" data-id=\"197d7c28\" data-element_type=\"column\" data-e-type=\"column\">\n\t\t\t<div class=\"elementor-widget-wrap elementor-element-populated\">\n\t\t\t\t\t\t<div class=\"elementor-element elementor-element-6da4d441 elementor-widget elementor-widget-heading\" data-id=\"6da4d441\" data-element_type=\"widget\" data-e-type=\"widget\" data-widget_type=\"heading.default\">\n\t\t\t\t<div class=\"elementor-widget-container\">\n\t\t\t\t\t<h3 class=\"elementor-heading-title elementor-size-default\">We work to maintain, protect, promote and develop the university as a public service. We're fighting for an accessible, quality university.<\/h3>\t\t\t\t<\/div>\n\t\t\t\t<\/div>\n\t\t\t\t\t<\/div>\n\t\t<\/div>\n\t\t\t\t<div class=\"elementor-column elementor-col-33 elementor-top-column elementor-element elementor-element-1ee9206f\" data-id=\"1ee9206f\" data-element_type=\"column\" data-e-type=\"column\" data-settings=\"{&quot;background_background&quot;:&quot;classic&quot;}\">\n\t\t\t<div class=\"elementor-widget-wrap elementor-element-populated\">\n\t\t\t\t\t\t<div class=\"elementor-element elementor-element-19596a0d elementor-shape-rounded elementor-grid-0 e-grid-align-center elementor-widget elementor-widget-social-icons\" data-id=\"19596a0d\" data-element_type=\"widget\" data-e-type=\"widget\" data-widget_type=\"social-icons.default\">\n\t\t\t\t<div class=\"elementor-widget-container\">\n\t\t\t\t\t\t\t<div class=\"elementor-social-icons-wrapper elementor-grid\" role=\"list\">\n\t\t\t\t\t\t\t<span class=\"elementor-grid-item\" role=\"listitem\">\n\t\t\t\t\t<a class=\"elementor-icon elementor-social-icon elementor-social-icon-facebook-f elementor-repeater-item-bff5ea8\" href=\"https:\/\/www.facebook.com\/fqppu\" target=\"_blank\" rel=\"noopener\">\n\t\t\t\t\t\t<span class=\"elementor-screen-only\">Facebook-f<\/span>\n\t\t\t\t\t\t<i aria-hidden=\"true\" class=\"fab fa-facebook-f\"><\/i>\t\t\t\t\t<\/a>\n\t\t\t\t<\/span>\n\t\t\t\t\t\t\t<span class=\"elementor-grid-item\" role=\"listitem\">\n\t\t\t\t\t<a class=\"elementor-icon elementor-social-icon elementor-social-icon-twitter elementor-repeater-item-19b03ba\" href=\"http:\/\/twitter.com\/fqppu\" target=\"_blank\" rel=\"noopener\">\n\t\t\t\t\t\t<span class=\"elementor-screen-only\">Twitter<\/span>\n\t\t\t\t\t\t<i aria-hidden=\"true\" class=\"fab fa-twitter\"><\/i>\t\t\t\t\t<\/a>\n\t\t\t\t<\/span>\n\t\t\t\t\t\t\t<span class=\"elementor-grid-item\" role=\"listitem\">\n\t\t\t\t\t<a class=\"elementor-icon elementor-social-icon elementor-social-icon-linkedin-in elementor-repeater-item-5ad3258\" href=\"https:\/\/www.linkedin.com\/company\/fqppu\" target=\"_blank\" rel=\"noopener\">\n\t\t\t\t\t\t<span class=\"elementor-screen-only\">Linkedin-in<\/span>\n\t\t\t\t\t\t<i aria-hidden=\"true\" class=\"fab fa-linkedin-in\"><\/i>\t\t\t\t\t<\/a>\n\t\t\t\t<\/span>\n\t\t\t\t\t<\/div>\n\t\t\t\t\t\t<\/div>\n\t\t\t\t<\/div>\n\t\t\t\t\t<\/div>\n\t\t<\/div>\n\t\t\t\t\t<\/div>\n\t\t<\/section>\n\t\t\t\t<section class=\"elementor-section elementor-top-section elementor-element elementor-element-1958a1d6 elementor-section-full_width elementor-section-height-default elementor-section-height-default\" data-id=\"1958a1d6\" data-element_type=\"section\" data-e-type=\"section\">\n\t\t\t\t\t\t<div class=\"elementor-container elementor-column-gap-no\">\n\t\t\t\t\t<div class=\"elementor-column elementor-col-100 elementor-top-column elementor-element elementor-element-345d13bf\" data-id=\"345d13bf\" data-element_type=\"column\" data-e-type=\"column\">\n\t\t\t<div class=\"elementor-widget-wrap elementor-element-populated\">\n\t\t\t\t\t\t<section class=\"elementor-section elementor-inner-section elementor-element elementor-element-5badb670 elementor-section-boxed elementor-section-height-default elementor-section-height-default\" data-id=\"5badb670\" data-element_type=\"section\" data-e-type=\"section\">\n\t\t\t\t\t\t<div class=\"elementor-container elementor-column-gap-no\">\n\t\t\t\t\t<div class=\"elementor-column elementor-col-100 elementor-inner-column elementor-element elementor-element-3fb6147c\" data-id=\"3fb6147c\" data-element_type=\"column\" data-e-type=\"column\">\n\t\t\t<div class=\"elementor-widget-wrap elementor-element-populated\">\n\t\t\t\t\t\t<div class=\"elementor-element elementor-element-66aa30bf elementor-widget elementor-widget-heading\" data-id=\"66aa30bf\" data-element_type=\"widget\" data-e-type=\"widget\" data-widget_type=\"heading.default\">\n\t\t\t\t<div class=\"elementor-widget-container\">\n\t\t\t\t\t<h2 class=\"elementor-heading-title elementor-size-default\">Federation news<\/h2>\t\t\t\t<\/div>\n\t\t\t\t<\/div>\n\t\t\t\t\t<\/div>\n\t\t<\/div>\n\t\t\t\t\t<\/div>\n\t\t<\/section>\n\t\t\t\t<section class=\"elementor-section elementor-inner-section elementor-element elementor-element-5b43ba5 elementor-section-full_width elementor-section-height-min-height elementor-section-height-default\" data-id=\"5b43ba5\" data-element_type=\"section\" data-e-type=\"section\">\n\t\t\t\t\t\t<div class=\"elementor-container elementor-column-gap-no\">\n\t\t\t\t\t<div class=\"elementor-column elementor-col-100 elementor-inner-column elementor-element elementor-element-36671e2a\" data-id=\"36671e2a\" data-element_type=\"column\" data-e-type=\"column\">\n\t\t\t<div class=\"elementor-widget-wrap elementor-element-populated\">\n\t\t\t\t\t\t<div class=\"elementor-element elementor-element-7cdbb81d elementor-grid-tablet-1 elementor-grid-3 elementor-grid-mobile-1 elementor-posts--thumbnail-top elementor-widget elementor-widget-posts\" data-id=\"7cdbb81d\" data-element_type=\"widget\" data-e-type=\"widget\" data-settings=\"{&quot;classic_columns_tablet&quot;:&quot;1&quot;,&quot;classic_row_gap&quot;:{&quot;unit&quot;:&quot;px&quot;,&quot;size&quot;:&quot;65&quot;,&quot;sizes&quot;:[]},&quot;classic_columns&quot;:&quot;3&quot;,&quot;classic_columns_mobile&quot;:&quot;1&quot;,&quot;classic_row_gap_tablet&quot;:{&quot;unit&quot;:&quot;px&quot;,&quot;size&quot;:&quot;&quot;,&quot;sizes&quot;:[]},&quot;classic_row_gap_mobile&quot;:{&quot;unit&quot;:&quot;px&quot;,&quot;size&quot;:&quot;&quot;,&quot;sizes&quot;:[]}}\" data-widget_type=\"posts.classic\">\n\t\t\t\t<div class=\"elementor-widget-container\">\n\t\t\t\t\t\t\t<div class=\"elementor-posts-container elementor-posts elementor-posts--skin-classic elementor-grid\" role=\"list\">\n\t\t\t\t<article class=\"elementor-post elementor-grid-item post-6597 post type-post status-publish format-standard has-post-thumbnail hentry category-bill-74 category-canadian-politics category-international-students category-quebec-politics tag-academic-reputation tag-bill-74 tag-canadian-universities tag-decline-of-universities tag-higher-education tag-immigration-policies tag-international-ranking tag-international-students tag-mcgill-university tag-quebec-universities tag-scientific-collaboration tag-student-mobility tag-university-attractiveness tag-university-rankings\" role=\"listitem\">\n\t\t\t\t<a class=\"elementor-post__thumbnail__link\" href=\"https:\/\/fqppu.org\/en\/canadian-universities-drop-global-rankings\/\" tabindex=\"-1\">\n\t\t\t<div class=\"elementor-post__thumbnail\"><img fetchpriority=\"high\" decoding=\"async\" width=\"1440\" height=\"986\" src=\"https:\/\/fqppu.org\/wp-content\/uploads\/2026\/03\/202603024_Classementinternational.jpg\" class=\"attachment-full size-full wp-image-6585\" alt=\"\u00c9tudiante universitaire en classe illustrant l\u2019impact des politiques d\u2019immigration sur le classement international des universit\u00e9s\" srcset=\"https:\/\/fqppu.org\/wp-content\/uploads\/2026\/03\/202603024_Classementinternational.jpg 1440w, https:\/\/fqppu.org\/wp-content\/uploads\/2026\/03\/202603024_Classementinternational-300x205.jpg 300w, https:\/\/fqppu.org\/wp-content\/uploads\/2026\/03\/202603024_Classementinternational-1024x701.jpg 1024w, https:\/\/fqppu.org\/wp-content\/uploads\/2026\/03\/202603024_Classementinternational-768x526.jpg 768w\" sizes=\"(max-width: 1440px) 100vw, 1440px\" \/><\/div>\n\t\t<\/a>\n\t\t\t\t<div class=\"elementor-post__text\">\n\t\t\t\t<h3 class=\"elementor-post__title\">\n\t\t\t<a href=\"https:\/\/fqppu.org\/en\/canadian-universities-drop-global-rankings\/\">\n\t\t\t\tInternational university ranking: new report confirms FQPPU concerns over restrictive immigration policies\t\t\t<\/a>\n\t\t<\/h3>\n\t\t\t\t<div class=\"elementor-post__meta-data\">\n\t\t\t\t\t<span class=\"elementor-post-date\">\n\t\t\t25 March 2026\t\t<\/span>\n\t\t\t\t<\/div>\n\t\t\t\t<\/div>\n\t\t\t\t<\/article>\n\t\t\t\t<article class=\"elementor-post elementor-grid-item post-5521 post type-post status-publish format-standard has-post-thumbnail hentry category-bill-3 category-democracy category-ministry-of-labor category-quebec-politics category-relationships category-rule-of-law category-syndicalism tag-academic-freedom tag-bill-3 tag-checks-and-balances tag-democratic-governance tag-democratic-participation tag-democratic-reform tag-fqppu-en tag-freedom-of-association tag-government-interference tag-labor-code tag-union-democracy tag-union-rights tag-university-mission\" role=\"listitem\">\n\t\t\t\t<a class=\"elementor-post__thumbnail__link\" href=\"https:\/\/fqppu.org\/en\/bill-3-threatens-democratic-balance-fqppu-analysis\/\" tabindex=\"-1\">\n\t\t\t<div class=\"elementor-post__thumbnail\"><img decoding=\"async\" width=\"2160\" height=\"1479\" src=\"https:\/\/fqppu.org\/wp-content\/uploads\/2025\/11\/202511_MemoirePL3.jpeg\" class=\"attachment-full size-full wp-image-5516\" alt=\"M\u00e9gaphone appelant \u00e0 se faire entendre contre le projet de loi 3 \u2014 rappel d\u2019un d\u00e9bat d\u00e9mocratique essentiel et de la d\u00e9fense de la d\u00e9mocratie syndicale (FQPPU).\" srcset=\"https:\/\/fqppu.org\/wp-content\/uploads\/2025\/11\/202511_MemoirePL3.jpeg 2160w, https:\/\/fqppu.org\/wp-content\/uploads\/2025\/11\/202511_MemoirePL3-300x205.jpeg 300w, https:\/\/fqppu.org\/wp-content\/uploads\/2025\/11\/202511_MemoirePL3-1024x701.jpeg 1024w, https:\/\/fqppu.org\/wp-content\/uploads\/2025\/11\/202511_MemoirePL3-768x526.jpeg 768w, https:\/\/fqppu.org\/wp-content\/uploads\/2025\/11\/202511_MemoirePL3-1536x1052.jpeg 1536w, https:\/\/fqppu.org\/wp-content\/uploads\/2025\/11\/202511_MemoirePL3-2048x1402.jpeg 2048w\" sizes=\"(max-width: 2160px) 100vw, 2160px\" \/><\/div>\n\t\t<\/a>\n\t\t\t\t<div class=\"elementor-post__text\">\n\t\t\t\t<h3 class=\"elementor-post__title\">\n\t\t\t<a href=\"https:\/\/fqppu.org\/en\/bill-3-threatens-democratic-balance-fqppu-analysis\/\">\n\t\t\t\tBill 3: Weakening of Critical Voices and a Threat to Union Democracy, Warns New FQPPU Analysis\t\t\t<\/a>\n\t\t<\/h3>\n\t\t\t\t<div class=\"elementor-post__meta-data\">\n\t\t\t\t\t<span class=\"elementor-post-date\">\n\t\t\t25 November 2025\t\t<\/span>\n\t\t\t\t<\/div>\n\t\t\t\t<\/div>\n\t\t\t\t<\/article>\n\t\t\t\t<article class=\"elementor-post elementor-grid-item post-5491 post type-post status-publish format-standard has-post-thumbnail hentry category-bill-3 category-democracy category-event category-quebec-politics category-rule-of-law category-syndicalism tag-academic-freedom tag-bill-3 tag-checks-and-balances tag-defending-democracy tag-democratic-erosion tag-demonstration-november-29 tag-emocracy tag-fqppu-en tag-freedom-of-expression tag-rule-of-law tag-union-rights tag-university-governance\" role=\"listitem\">\n\t\t\t\t<a class=\"elementor-post__thumbnail__link\" href=\"https:\/\/fqppu.org\/en\/democracy-rule-of-law-demonstration-november-29\/\" tabindex=\"-1\">\n\t\t\t<div class=\"elementor-post__thumbnail\"><img decoding=\"async\" width=\"2160\" height=\"1479\" src=\"https:\/\/fqppu.org\/wp-content\/uploads\/2025\/11\/202511_Manifestation29novembre.jpg\" class=\"attachment-full size-full wp-image-5482\" alt=\"Visuel de campagne de la FQPPU montrant le message \u201cQu\u00e9bec veut museler ses voix critiques\u201d, d\u00e9non\u00e7ant les atteintes \u00e0 la d\u00e9mocratie et \u00e0 l\u2019\u00e9tat de droit.\" srcset=\"https:\/\/fqppu.org\/wp-content\/uploads\/2025\/11\/202511_Manifestation29novembre.jpg 2160w, https:\/\/fqppu.org\/wp-content\/uploads\/2025\/11\/202511_Manifestation29novembre-300x205.jpg 300w, https:\/\/fqppu.org\/wp-content\/uploads\/2025\/11\/202511_Manifestation29novembre-1024x701.jpg 1024w, https:\/\/fqppu.org\/wp-content\/uploads\/2025\/11\/202511_Manifestation29novembre-768x526.jpg 768w, https:\/\/fqppu.org\/wp-content\/uploads\/2025\/11\/202511_Manifestation29novembre-1536x1052.jpg 1536w, https:\/\/fqppu.org\/wp-content\/uploads\/2025\/11\/202511_Manifestation29novembre-2048x1402.jpg 2048w\" sizes=\"(max-width: 2160px) 100vw, 2160px\" \/><\/div>\n\t\t<\/a>\n\t\t\t\t<div class=\"elementor-post__text\">\n\t\t\t\t<h3 class=\"elementor-post__title\">\n\t\t\t<a href=\"https:\/\/fqppu.org\/en\/democracy-rule-of-law-demonstration-november-29\/\">\n\t\t\t\tNovember 29: Standing Together to Defend the Rule of Law, Critical Voices, and Democracy in Qu\u00e9bec\t\t\t<\/a>\n\t\t<\/h3>\n\t\t\t\t<div class=\"elementor-post__meta-data\">\n\t\t\t\t\t<span class=\"elementor-post-date\">\n\t\t\t18 November 2025\t\t<\/span>\n\t\t\t\t<\/div>\n\t\t\t\t<\/div>\n\t\t\t\t<\/article>\n\t\t\t\t<\/div>\n\t\t\n\t\t\t\t\t\t<\/div>\n\t\t\t\t<\/div>\n\t\t\t\t<div class=\"elementor-element elementor-element-1506063 elementor-align-center elementor-widget elementor-widget-button\" data-id=\"1506063\" data-element_type=\"widget\" data-e-type=\"widget\" data-widget_type=\"button.default\">\n\t\t\t\t<div class=\"elementor-widget-container\">\n\t\t\t\t\t\t\t\t\t<div class=\"elementor-button-wrapper\">\n\t\t\t\t\t<a class=\"elementor-button elementor-button-link elementor-size-sm\" href=\"https:\/\/fqppu.org\/category\/nouvelles\/\">\n\t\t\t\t\t\t<span class=\"elementor-button-content-wrapper\">\n\t\t\t\t\t\t\t\t\t<span class=\"elementor-button-text\">See all news<\/span>\n\t\t\t\t\t<\/span>\n\t\t\t\t\t<\/a>\n\t\t\t\t<\/div>\n\t\t\t\t\t\t\t\t<\/div>\n\t\t\t\t<\/div>\n\t\t\t\t\t<\/div>\n\t\t<\/div>\n\t\t\t\t\t<\/div>\n\t\t<\/section>\n\t\t\t\t\t<\/div>\n\t\t<\/div>\n\t\t\t\t\t<\/div>\n\t\t<\/section>\n\t\t\t\t<section class=\"elementor-section elementor-top-section elementor-element elementor-element-c38c33a elementor-section-full_width elementor-section-height-default elementor-section-height-default\" data-id=\"c38c33a\" data-element_type=\"section\" data-e-type=\"section\" data-settings=\"{&quot;background_background&quot;:&quot;classic&quot;}\">\n\t\t\t\t\t\t<div class=\"elementor-container elementor-column-gap-no\">\n\t\t\t\t\t<div class=\"elementor-column elementor-col-100 elementor-top-column elementor-element elementor-element-0bd4fc9\" data-id=\"0bd4fc9\" data-element_type=\"column\" data-e-type=\"column\">\n\t\t\t<div class=\"elementor-widget-wrap elementor-element-populated\">\n\t\t\t\t\t\t<section class=\"elementor-section elementor-inner-section elementor-element elementor-element-e86baa4 elementor-section-full_width elementor-section-height-default elementor-section-height-default\" data-id=\"e86baa4\" data-element_type=\"section\" data-e-type=\"section\">\n\t\t\t\t\t\t<div class=\"elementor-container elementor-column-gap-no\">\n\t\t\t\t\t<div class=\"elementor-column elementor-col-50 elementor-inner-column elementor-element elementor-element-a083088\" data-id=\"a083088\" data-element_type=\"column\" data-e-type=\"column\">\n\t\t\t<div class=\"elementor-widget-wrap elementor-element-populated\">\n\t\t\t\t\t\t<div class=\"elementor-element elementor-element-b528aff elementor-widget-divider--view-line elementor-invisible elementor-widget elementor-widget-divider\" data-id=\"b528aff\" data-element_type=\"widget\" data-e-type=\"widget\" data-settings=\"{&quot;_animation&quot;:&quot;fadeInUp&quot;}\" data-widget_type=\"divider.default\">\n\t\t\t\t<div class=\"elementor-widget-container\">\n\t\t\t\t\t\t\t<div class=\"elementor-divider\">\n\t\t\t<span class=\"elementor-divider-separator\">\n\t\t\t\t\t\t<\/span>\n\t\t<\/div>\n\t\t\t\t\t\t<\/div>\n\t\t\t\t<\/div>\n\t\t\t\t<div class=\"elementor-element elementor-element-ea915ff elementor-widget elementor-widget-heading\" data-id=\"ea915ff\" data-element_type=\"widget\" data-e-type=\"widget\" data-widget_type=\"heading.default\">\n\t\t\t\t<div class=\"elementor-widget-container\">\n\t\t\t\t\t<h2 class=\"elementor-heading-title elementor-size-default\">Stay up to date<\/h2>\t\t\t\t<\/div>\n\t\t\t\t<\/div>\n\t\t\t\t\t<\/div>\n\t\t<\/div>\n\t\t\t\t<div class=\"elementor-column elementor-col-50 elementor-inner-column elementor-element elementor-element-ab35d7e\" data-id=\"ab35d7e\" data-element_type=\"column\" data-e-type=\"column\">\n\t\t\t<div class=\"elementor-widget-wrap elementor-element-populated\">\n\t\t\t\t\t\t<div class=\"elementor-element elementor-element-8e8a139 elementor-widget elementor-widget-text-editor\" data-id=\"8e8a139\" data-element_type=\"widget\" data-e-type=\"widget\" data-widget_type=\"text-editor.default\">\n\t\t\t\t<div class=\"elementor-widget-container\">\n\t\t\t\t\t\t\t\t\t<p>Subscribe to the Federation newsletter.<\/p>\n\t\t\t\t\t\t\t\t<\/div>\n\t\t\t\t<\/div>\n\t\t\t\t<div class=\"elementor-element elementor-element-85cf454 elementor-button-align-stretch elementor-widget elementor-widget-form\" data-id=\"85cf454\" data-element_type=\"widget\" data-e-type=\"widget\" data-settings=\"{&quot;step_next_label&quot;:&quot;Next&quot;,&quot;step_previous_label&quot;:&quot;Previous&quot;,&quot;button_width&quot;:&quot;100&quot;,&quot;step_type&quot;:&quot;number_text&quot;,&quot;step_icon_shape&quot;:&quot;circle&quot;}\" data-widget_type=\"form.default\">\n\t\t\t\t<div class=\"elementor-widget-container\">\n\t\t\t\t\t\t\t<form class=\"elementor-form\" method=\"post\" name=\"New Form\" aria-label=\"New Form\">\n\t\t\t<input type=\"hidden\" name=\"post_id\" value=\"3200\"\/>\n\t\t\t<input type=\"hidden\" name=\"form_id\" value=\"85cf454\"\/>\n\t\t\t<input type=\"hidden\" name=\"referer_title\" value=\"Home - FQPPU\" \/>\n\n\t\t\t\t\t\t\t<input type=\"hidden\" name=\"queried_id\" value=\"3200\"\/>\n\t\t\t\n\t\t\t<div class=\"elementor-form-fields-wrapper elementor-labels-above\">\n\t\t\t\t\t\t\t\t<div class=\"elementor-field-type-email elementor-field-group elementor-column elementor-field-group-email elementor-col-100 elementor-field-required elementor-mark-required\">\n\t\t\t\t\t\t\t\t\t\t\t\t<label for=\"form-field-email\" class=\"elementor-field-label\">\n\t\t\t\t\t\t\t\tEmail address\t\t\t\t\t\t\t<\/label>\n\t\t\t\t\t\t\t\t\t\t\t\t\t\t<input size=\"1\" type=\"email\" name=\"form_fields[email]\" id=\"form-field-email\" class=\"elementor-field elementor-size-sm  elementor-field-textual\" required=\"required\">\n\t\t\t\t\t\t\t\t\t\t\t<\/div>\n\t\t\t\t\t\t\t\t<div class=\"elementor-field-type-text elementor-field-group elementor-column elementor-field-group-name elementor-col-100\">\n\t\t\t\t\t\t\t\t\t\t\t\t<label for=\"form-field-name\" class=\"elementor-field-label\">\n\t\t\t\t\t\t\t\tFirst name\t\t\t\t\t\t\t<\/label>\n\t\t\t\t\t\t\t\t\t\t\t\t\t\t<input size=\"1\" type=\"text\" name=\"form_fields[name]\" id=\"form-field-name\" class=\"elementor-field elementor-size-sm  elementor-field-textual\">\n\t\t\t\t\t\t\t\t\t\t\t<\/div>\n\t\t\t\t\t\t\t\t<div class=\"elementor-field-type-acceptance elementor-field-group elementor-column elementor-field-group-field_0574dd4 elementor-col-100\">\n\t\t\t\t\t\t\t<div class=\"elementor-field-subgroup\">\n\t\t\t<span class=\"elementor-field-option\">\n\t\t\t\t<input type=\"checkbox\" name=\"form_fields[field_0574dd4]\" id=\"form-field-field_0574dd4\" class=\"elementor-field elementor-size-sm  elementor-acceptance-field\">\n\t\t\t\t<label for=\"form-field-field_0574dd4\">I have read and accept <a href=\"https:\/\/fqppu.org\/termes-et-conditions\/\" target=\"_blank\">the terms and conditions<\/a> of the website and of the <a href=\"https:\/\/fqppu.org\/politique-de-confidentialite\/\" target=\"_blank\">privacy policy.<\/label>\t\t\t<\/span>\n\t\t<\/div>\n\t\t\t\t\t\t<\/div>\n\t\t\t\t\t\t\t\t<div class=\"elementor-field-group elementor-column elementor-field-type-submit elementor-col-100 e-form__buttons\">\n\t\t\t\t\t<button class=\"elementor-button elementor-size-sm\" type=\"submit\">\n\t\t\t\t\t\t<span class=\"elementor-button-content-wrapper\">\n\t\t\t\t\t\t\t\t\t\t\t\t\t\t\t\t\t\t\t\t\t\t<span class=\"elementor-button-text\">Submit<\/span>\n\t\t\t\t\t\t\t\t\t\t\t\t\t<\/span>\n\t\t\t\t\t<\/button>\n\t\t\t\t<\/div>\n\t\t\t<\/div>\n\t\t<\/form>\n\t\t\t\t\t\t<\/div>\n\t\t\t\t<\/div>\n\t\t\t\t\t<\/div>\n\t\t<\/div>\n\t\t\t\t\t<\/div>\n\t\t<\/section>\n\t\t\t\t\t<\/div>\n\t\t<\/div>\n\t\t\t\t\t<\/div>\n\t\t<\/section>\n\t\t\t\t<\/div>\n\t\t","protected":false},"excerpt":{"rendered":"<p>The FQPPU is the umbrella organization representing Quebec&#8217;s teaching profession.<\/p>\n","protected":false},"author":8046,"featured_media":5358,"parent":0,"menu_order":0,"comment_status":"closed","ping_status":"closed","template":"","meta":{"footnotes":""},"class_list":["post-3200","page","type-page","status-publish","has-post-thumbnail","hentry"],"_links":{"self":[{"href":"https:\/\/fqppu.org\/en\/wp-json\/wp\/v2\/pages\/3200","targetHints":{"allow":["GET"]}}],"collection":[{"href":"https:\/\/fqppu.org\/en\/wp-json\/wp\/v2\/pages"}],"about":[{"href":"https:\/\/fqppu.org\/en\/wp-json\/wp\/v2\/types\/page"}],"author":[{"embeddable":true,"href":"https:\/\/fqppu.org\/en\/wp-json\/wp\/v2\/users\/8046"}],"replies":[{"embeddable":true,"href":"https:\/\/fqppu.org\/en\/wp-json\/wp\/v2\/comments?post=3200"}],"version-history":[{"count":12,"href":"https:\/\/fqppu.org\/en\/wp-json\/wp\/v2\/pages\/3200\/revisions"}],"predecessor-version":[{"id":4400,"href":"https:\/\/fqppu.org\/en\/wp-json\/wp\/v2\/pages\/3200\/revisions\/4400"}],"wp:featuredmedia":[{"embeddable":true,"href":"https:\/\/fqppu.org\/en\/wp-json\/wp\/v2\/media\/5358"}],"wp:attachment":[{"href":"https:\/\/fqppu.org\/en\/wp-json\/wp\/v2\/media?parent=3200"}],"curies":[{"name":"wp","href":"https:\/\/api.w.org\/{rel}","templated":true}]}}